{"id":2992,"date":"2024-04-01T12:50:54","date_gmt":"2024-04-01T12:50:54","guid":{"rendered":"https:\/\/hugueny.de\/blog\/?page_id=2992"},"modified":"2024-06-05T20:11:08","modified_gmt":"2024-06-05T20:11:08","slug":"maenner","status":"publish","type":"page","link":"https:\/\/hugueny.de\/blog\/?page_id=2992","title":{"rendered":"\u201ctypisch m\u00e4nnlich!?\u201c"},"content":{"rendered":"\n<p>Projekt &#8222;Drittelregel&#8220; &#8211; 1.03-9.06.2024 (<a href=\"https:\/\/drittelregel.de\/foto-ausstellungen\/\">https:\/\/drittelregel.de\/foto-ausstellungen\/<\/a>)<br>Thema: M\u00e4nner \/ sujet : les hommes<\/p>\n\n\n\nngg_shortcode_0_placeholder\n\n\n\n<p>Ich m\u00f6chte einige Rollen, T\u00e4tigkeiten oder Gegenst\u00e4nde darstellen, die als typisch m\u00e4nnlich von unserer Gesellschaft oder der Industrie angesehen werden. In jedem Bild befindet sich ein (typisch?! \/ eher?) weibliches Pendant.<\/p>\n\n\n\n<p>Was ist typisch m\u00e4nnlich oder weiblich? Wird das in unserer Gesellschaft anerzogen? Welche Rolle \u00fcbernimmt dabei die Industrie mit ihrem geschlechtsspezifischen Design \/ Marketing?<\/p>\n\n\n\n<p class=\"has-text-align-left\">*** *** ***<br><em>Je souhaite repr\u00e9senter quelques r\u00f4les, activit\u00e9s ou objets qui sont vus comme \u00e9tant typiquement masculins par notre soci\u00e9t\u00e9 ou l\u2019industrie. Chaque photo contient un contraire (typiquement ?!) f\u00e9minin.<\/em><\/p>\n\n\n\n<p><em>Qu\u2019est-ce qui est typiquement masculin ou f\u00e9minin ? Est-ce la soci\u00e9t\u00e9 qui l\u2019impose ? Quel r\u00f4le y joue l\u2019industrie avec son design genr\u00e9<\/em> ?<\/p>\n","protected":false},"excerpt":{"rendered":"<p>Projekt &#8222;Drittelregel&#8220; &#8211; 1.03-9.06.2024 (https:\/\/drittelregel.de\/foto-ausstellungen\/)Thema: M\u00e4nner \/ sujet : les hommes Ich m\u00f6chte einige Rollen, T\u00e4tigkeiten oder Gegenst\u00e4nde darstellen, die als typisch m\u00e4nnlich von unserer Gesellschaft oder der&#8230;<\/p>\n","protected":false},"author":1,"featured_media":0,"parent":0,"menu_order":0,"comment_status":"closed","ping_status":"closed","template":"","meta":{"ngg_post_thumbnail":0,"pgc_sgb_lightbox_settings":"","footnotes":""},"class_list":["post-2992","page","type-page","status-publish","hentry"],"_links":{"self":[{"href":"https:\/\/hugueny.de\/blog\/index.php?rest_route=\/wp\/v2\/pages\/2992","targetHints":{"allow":["GET"]}}],"collection":[{"href":"https:\/\/hugueny.de\/blog\/index.php?rest_route=\/wp\/v2\/pages"}],"about":[{"href":"https:\/\/hugueny.de\/blog\/index.php?rest_route=\/wp\/v2\/types\/page"}],"author":[{"embeddable":true,"href":"https:\/\/hugueny.de\/blog\/index.php?rest_route=\/wp\/v2\/users\/1"}],"replies":[{"embeddable":true,"href":"https:\/\/hugueny.de\/blog\/index.php?rest_route=%2Fwp%2Fv2%2Fcomments&post=2992"}],"version-history":[{"count":16,"href":"https:\/\/hugueny.de\/blog\/index.php?rest_route=\/wp\/v2\/pages\/2992\/revisions"}],"predecessor-version":[{"id":3126,"href":"https:\/\/hugueny.de\/blog\/index.php?rest_route=\/wp\/v2\/pages\/2992\/revisions\/3126"}],"wp:attachment":[{"href":"https:\/\/hugueny.de\/blog\/index.php?rest_route=%2Fwp%2Fv2%2Fmedia&parent=2992"}],"curies":[{"name":"wp","href":"https:\/\/api.w.org\/{rel}","templated":true}]}}