{"id":3835,"date":"2024-12-28T19:17:47","date_gmt":"2024-12-28T19:17:47","guid":{"rendered":"https:\/\/hugueny.de\/blog\/?page_id=3835"},"modified":"2026-01-04T09:44:37","modified_gmt":"2026-01-04T09:44:37","slug":"warum-fotografierst-du","status":"publish","type":"page","link":"https:\/\/hugueny.de\/blog\/?page_id=3835","title":{"rendered":"Warum fotografierst du?"},"content":{"rendered":"\n<p>Ich habe einige Fotografinnen und Fotografen gefragt, warum sie fotografieren, was sie dabei antreibt, und was ihnen dabei wichtig ist.<\/p>\n\n\n\n<h3 class=\"wp-block-heading\">Pia (fotoLise)<\/h3>\n\n\n\n<p>Will Sachen \u201eanders\u201c zeigen, Dinge zeigen wie man sie sonst nicht sieht<br>Fotografiert nicht gern im Urlaub, dort sind die Sachen so wie sie sind, uninteressant&nbsp;<\/p>\n\n\n\n<h3 class=\"wp-block-heading\"><strong>Dirk (dirky)<\/strong><\/h3>\n\n\n\n<p>Fotografieren entspannt<br>Zeigt die Fotos zu wenig<\/p>\n\n\n\n<h3 class=\"wp-block-heading\"><strong>Boris<\/strong> (Ries)<\/h3>\n\n\n\n<p>Um Erinnerung f\u00fcr sich selbst zu haben, um Momente festzuhalten&nbsp;<br>Um Erinnerung f\u00fcr andere zu haben<br>Aber auf einer kreativen Art und Weise<br>Muss nicht unbedingt die Realit\u00e4t sein (auch kreativ)<\/p>\n\n\n\n<h3 class=\"wp-block-heading\"><strong>Clemens<\/strong> (Clemente)<\/h3>\n\n\n\n<p>Keine Verg\u00e4nglichkeit m\u00f6gen: den Moment festhalten wollen<br>Werkzeug um aufmerksam durch die Welt laufen<br>Geschichten erz\u00e4hlen<\/p>\n\n\n\n<h3 class=\"wp-block-heading\"><strong>Thomas Uttich<\/strong><\/h3>\n\n\n\n<p>Das Leben dokumentieren&nbsp;<br>Kunst, Prozess des Machens (etwas meditatives)<\/p>\n\n\n\n<h3 class=\"wp-block-heading\"><strong>Katrin<\/strong><\/h3>\n\n\n\n<p>Weil es Spa\u00df macht<br>Teil der Vielf\u00e4ltigkeit&nbsp;<br>Kleine Details zeigen, die anderen nicht sehen<\/p>\n\n\n\n<h3 class=\"wp-block-heading\"><strong>Anne<\/strong><\/h3>\n\n\n\n<p>Ganz bei mir, konzentriert&nbsp;(Flow)<br>Bilder zeigen, Freude haben wenn Leute meine Bilder sehen&nbsp;<br>Ich mache die Bilder die ich gut finde<br>Es war nicht einfach mit Kritik umzugehen, mit dem \u201eVorwurf\u201c meine Bilder w\u00e4ren keine echten Bilder&nbsp;<br>Ich hatte Dir zwei Antworten gegeben (der Flow und dass meine Bilder gesehen werden). Eine dritte, fast doch die wichtigste, ist mir heute Morgen eingefallen und ich schreibe sie Dir noch auf. Vielleicht kannst Du sie noch gebrauchen.<br>Ich liebe Sprache, spreche ein paar Sprachen und bin ganz begierig, immer noch neue Sprachen zu lernen. Fotografieren ist f\u00fcr mich auch eine (Mutter-)Sprache &#8211; ohne Wortschatz, ohne Grammatik &#8211; in der ich mich ausdr\u00fccken kann, es ist meine individuelle visuelle Sprache.<br>Deine Kreativit\u00e4t und Deine vielf\u00e4ltige Besch\u00e4ftigung mit fotografischen Fragestellungen machen mir richtig viel Freude und regen mich an \uf917<\/p>\n\n\n\n<h3 class=\"wp-block-heading\"><strong>Rainer<\/strong><\/h3>\n\n\n\n<p>Urspr\u00fcnglich Interesse an die Technik&nbsp;<br>Fr\u00fcher \u00dcbersichtsbilder<br>Workshop abstrakt Fotografie, Wirkung beim Betrachter erzeugen<br>Etwas zeigt was man so nicht sieht, Wirkung erzielen<\/p>\n\n\n\n<h3 class=\"wp-block-heading\"><strong>Andreas<\/strong><\/h3>\n\n\n\n<p>(offen)<\/p>\n\n\n\n<h3 class=\"wp-block-heading\"><strong>Kai<\/strong><\/h3>\n\n\n\n<p>Nur die Technik interessiert mich, das Machen&nbsp;<br>Zeigen ist unwichtig<br>K\u00f6nnte analog Bilder machen ohne Film<\/p>\n\n\n\n<h3 class=\"wp-block-heading\"><strong>Geli<\/strong><\/h3>\n\n\n\n<p>Urspr\u00fcnglich: Weil ich gerne Geschichten erz\u00e4hle, etwas festhalten m\u00f6chte<br>Inzwischen: Menschen inspirieren mich<br>Frau ist dabei im Mittelpunkt&nbsp;<br>Heilung f\u00fcr andere, Raum \u00f6ffnen, Herzen \u00f6ffnen, Frieden schaffen zwischen Menschen (durch fotografieren), Reflexion<br>Es ist bei jedem Shooting eine Reise zu einem selbst (der fotografierte)<br>Das Gef\u00fchl was jeder hat, schwingt weiter in den Portraits&nbsp;<br>Vertrauen<\/p>\n\n\n\n<h3 class=\"wp-block-heading\"><strong>Holger (fotolero)<\/strong><\/h3>\n\n\n\n<p>Homepage&nbsp;<a href=\"https:\/\/be-lichten.de\/about\/mich\/#1705327617993-aac7a03d-a51a\">https:\/\/be-lichten.de\/about\/mich\/#1705327617993-aac7a03d-a51a<\/a><\/p>\n\n\n\n<p><strong>F\u00fcr mich bedeutet be-lichten:<\/strong><br><strong>ICH BIN!<\/strong><\/p>\n\n\n\n<ul class=\"wp-block-list\">\n<li>Ich darf SEIN &#8211; als Mensch wie ICH BIN.<\/li>\n\n\n\n<li>Ein Mensch der wertsch\u00e4tzt und authentisch ist.<\/li>\n\n\n\n<li>Ein Mensch der f\u00fcrsorglich und liebend ist.<\/li>\n\n\n\n<li>Ein Mensch der vertrauensvoll und mutig ist.<\/li>\n\n\n\n<li>Ein Mensch der gerecht und weise ist.<\/li>\n\n\n\n<li>Ein Mensch der offen und transparent ist.<\/li>\n<\/ul>\n\n\n\n<p><strong>So bin ich ICH<\/strong>!&nbsp;<strong>ICH BIN!<\/strong><br>Genau so, wie wir alle von unserer urspr\u00fcnglichen Natur als Menschen her sind.<\/p>\n\n\n\n<h3 class=\"wp-block-heading\"><strong>Ralph Milewski<\/strong><\/h3>\n\n\n\n<p>(nicht pers\u00f6nlich gesprochen; WeeklyPic, Siehe Homepage&nbsp;<a href=\"https:\/\/www.ralphmilewski.de\/de\/about\">https:\/\/www.ralphmilewski.de\/de\/about<\/a>)<\/p>\n\n\n\n<p>Fotografie ist mein Zugang zu Kunst und Kreativit\u00e4t.<br>Ich bin introvertiert, interessiere mich aber sehr f\u00fcr Menschen. Menschen und ihre Geschichten. Es ist eine Art ambivalentes Verh\u00e4ltnis. Meine Neugier, Empathie und dennoch mein Wunsch nach Distanz und Privatsph\u00e4re.<br>Meine Fotografie gibt mir die M\u00f6glichkeit, gleichzeitig nah und fern von Menschen zu sein.<br>Meine Fotografie st\u00e4rkt mein Selbstbewusstsein.<br>Meine Fotografie st\u00e4rkt mein Selbstwertgef\u00fchl.<br>Meine Fotografie l\u00e4sst mich an meinen F\u00e4higkeiten zweifeln.<br>Meine Fotografie l\u00e4sst mich manchmal verzweifeln.<br>Meine Fotografie zeigt mir meine Grenzen.<br>Meine Fotografie motiviert mich \/ steigert meine Kreativit\u00e4t, um trotz meiner Einschr\u00e4nkungen ein au\u00dfergew\u00f6hnliches Ergebnis zu erzielen.<br>Meine Fotografie zeigt anderen meine Welt aus einer ungew\u00f6hnlichen Perspektive.<br>Meine Fotografie l\u00e4sst mich nachts nicht schlafen \u2013 l\u00e4sst mich meine Gedanken kreisen.<br>Meine Fotografie verleitet mich zu verr\u00fcckten Ideen \u2013 allerdings ist die Umsetzung ohne Assistenz oft schwierig.<br>Meine Fotografie zwingt mich aus meiner Komfortzone.<br>Meine Fotografie hilft mir, (soziale) \u00c4ngste zu \u00fcberwinden und soziale Kontakte zu kn\u00fcpfen.<br>Meine Fotografie l\u00e4sst mich die Welt mit anderen Augen sehen.<br>Auf jeden Fall m\u00f6chte ich meine Leistung pr\u00e4sentieren und kein Mitleid erregen, weil ich behindert bin. Nein, meine Arbeiten sind unter dem Gesichtspunkt des &#8222;Entstehens&#8220; und der Qualit\u00e4t zu sehen und zu beurteilen.<\/p>\n","protected":false},"excerpt":{"rendered":"<p>Ich habe einige Fotografinnen und Fotografen gefragt, warum sie fotografieren, was sie dabei antreibt, und was ihnen dabei wichtig ist. Pia (fotoLise) Will Sachen \u201eanders\u201c zeigen, Dinge zeigen&#8230;<\/p>\n","protected":false},"author":1,"featured_media":5194,"parent":0,"menu_order":0,"comment_status":"closed","ping_status":"closed","template":"","meta":{"ngg_post_thumbnail":0,"pgc_sgb_lightbox_settings":"","footnotes":""},"class_list":["post-3835","page","type-page","status-publish","has-post-thumbnail","hentry"],"_links":{"self":[{"href":"https:\/\/hugueny.de\/blog\/index.php?rest_route=\/wp\/v2\/pages\/3835","targetHints":{"allow":["GET"]}}],"collection":[{"href":"https:\/\/hugueny.de\/blog\/index.php?rest_route=\/wp\/v2\/pages"}],"about":[{"href":"https:\/\/hugueny.de\/blog\/index.php?rest_route=\/wp\/v2\/types\/page"}],"author":[{"embeddable":true,"href":"https:\/\/hugueny.de\/blog\/index.php?rest_route=\/wp\/v2\/users\/1"}],"replies":[{"embeddable":true,"href":"https:\/\/hugueny.de\/blog\/index.php?rest_route=%2Fwp%2Fv2%2Fcomments&post=3835"}],"version-history":[{"count":8,"href":"https:\/\/hugueny.de\/blog\/index.php?rest_route=\/wp\/v2\/pages\/3835\/revisions"}],"predecessor-version":[{"id":5306,"href":"https:\/\/hugueny.de\/blog\/index.php?rest_route=\/wp\/v2\/pages\/3835\/revisions\/5306"}],"wp:featuredmedia":[{"embeddable":true,"href":"https:\/\/hugueny.de\/blog\/index.php?rest_route=\/wp\/v2\/media\/5194"}],"wp:attachment":[{"href":"https:\/\/hugueny.de\/blog\/index.php?rest_route=%2Fwp%2Fv2%2Fmedia&parent=3835"}],"curies":[{"name":"wp","href":"https:\/\/api.w.org\/{rel}","templated":true}]}}